{"id":1557,"date":"2024-01-15T17:57:40","date_gmt":"2024-01-15T17:57:40","guid":{"rendered":"https:\/\/fosten.us\/?page_id=1557"},"modified":"2026-02-03T18:17:44","modified_gmt":"2026-02-03T18:17:44","slug":"contact","status":"publish","type":"page","link":"https:\/\/fosten.us\/pt\/contact\/","title":{"rendered":"Contato"},"content":{"rendered":"<div data-elementor-type=\"wp-page\" data-elementor-id=\"1557\" class=\"elementor elementor-1557\" data-elementor-settings=\"{&quot;ha_cmc_init_switcher&quot;:&quot;no&quot;}\">\n\t\t\t\t<div class=\"elementor-element elementor-element-68ebf94 e-con-full e-flex e-con e-parent\" data-id=\"68ebf94\" data-element_type=\"container\" data-settings=\"{&quot;background_background&quot;:&quot;classic&quot;,&quot;jet_parallax_layout_list&quot;:[],&quot;_ha_eqh_enable&quot;:false}\">\n\t\t\t\t<div class=\"elementor-element elementor-element-86f68d1 elementor-widget elementor-widget-google_maps\" data-id=\"86f68d1\" data-element_type=\"widget\" data-widget_type=\"google_maps.default\">\n\t\t\t\t<div class=\"elementor-widget-container\">\n\t\t\t\t\t\t\t<div class=\"elementor-custom-embed\">\n\t\t\t<iframe loading=\"lazy\"\n\t\t\t\t\tsrc=\"https:\/\/maps.google.com\/maps?q=806%20Verona%20Street%2C%20Suite%201%20-%20Kissimmee%2C%20Florida%2034741&#038;t=m&#038;z=16&#038;output=embed&#038;iwloc=near\"\n\t\t\t\t\ttitle=\"806 Verona Street, Suite 1 - Kissimmee, Florida 34741\"\n\t\t\t\t\taria-label=\"806 Verona Street, Suite 1 - Kissimmee, Florida 34741\"\n\t\t\t><\/iframe>\n\t\t<\/div>\n\t\t\t\t\t\t<\/div>\n\t\t\t\t<\/div>\n\t\t\t\t<\/div>\n\t\t<div class=\"elementor-element elementor-element-7274014 e-con-full e-flex e-con e-parent\" data-id=\"7274014\" data-element_type=\"container\" data-settings=\"{&quot;jet_parallax_layout_list&quot;:[],&quot;_ha_eqh_enable&quot;:false}\">\n\t\t<div class=\"elementor-element elementor-element-ed55268 e-con-full e-flex e-con e-child\" data-id=\"ed55268\" data-element_type=\"container\" data-settings=\"{&quot;jet_parallax_layout_list&quot;:[],&quot;_ha_eqh_enable&quot;:false}\">\n\t\t<div class=\"elementor-element elementor-element-7237846 e-con-full e-flex e-con e-child\" data-id=\"7237846\" data-element_type=\"container\" data-settings=\"{&quot;jet_parallax_layout_list&quot;:[],&quot;_ha_eqh_enable&quot;:false}\">\n\t\t\t\t<div class=\"elementor-element elementor-element-61e0d9d elementor-widget elementor-widget-heading\" data-id=\"61e0d9d\" data-element_type=\"widget\" data-widget_type=\"heading.default\">\n\t\t\t\t<div class=\"elementor-widget-container\">\n\t\t\t\t\t<p class=\"elementor-heading-title elementor-size-default\"><a href=\"tel:+1%20(863)%20558-9575\">CONTATO<\/a><\/p>\t\t\t\t<\/div>\n\t\t\t\t<\/div>\n\t\t\t\t<div class=\"elementor-element elementor-element-e2879b2 elementor-widget elementor-widget-heading\" data-id=\"e2879b2\" data-element_type=\"widget\" data-widget_type=\"heading.default\">\n\t\t\t\t<div class=\"elementor-widget-container\">\n\t\t\t\t\t<h1 class=\"elementor-heading-title elementor-size-default\"><a href=\"tel:+1%20(863)%20558-9575\">Canais de Atendimento<\/a><\/h1>\t\t\t\t<\/div>\n\t\t\t\t<\/div>\n\t\t\t\t<\/div>\n\t\t<div class=\"elementor-element elementor-element-4b1f961 e-con-full e-flex e-con e-child\" data-id=\"4b1f961\" data-element_type=\"container\" data-settings=\"{&quot;jet_parallax_layout_list&quot;:[],&quot;_ha_eqh_enable&quot;:false}\">\n\t\t<div class=\"elementor-element elementor-element-074ebf7 e-con-full elementor-hidden-mobile e-flex e-con e-child\" data-id=\"074ebf7\" data-element_type=\"container\" data-settings=\"{&quot;jet_parallax_layout_list&quot;:[],&quot;_ha_eqh_enable&quot;:false}\">\n\t\t\t\t<div class=\"elementor-element elementor-element-81faba4 ha-has-bg-overlay elementor-widget elementor-widget-jet-listing-dynamic-field\" data-id=\"81faba4\" data-element_type=\"widget\" data-widget_type=\"jet-listing-dynamic-field.default\">\n\t\t\t\t<div class=\"elementor-widget-container\">\n\t\t\t\t\t<div class=\"jet-listing jet-listing-dynamic-field display-inline\"><div class=\"jet-listing-dynamic-field__inline-wrap\"><div class=\"jet-listing-dynamic-field__content\"><?xml version=\"1.0\" standalone=\"no\"?>\n<svg xmlns=\"http:\/\/www.w3.org\/2000\/svg\" version=\"1.1\" width=\"63\" height=\"63\">\n\t<!-- Created with https:\/\/api.qrserver.com (QR Code API, see goQR.me\/api for information) -->\n\t<title>QR Code<\/title>\n\t<desc>+1 (863) 558-9575<\/desc>\n\t<rect style=\"fill:rgb(255, 255, 255);fill-opacity:1\" x=\"0\" y=\"0\" width=\"63\" height=\"63\" \/>\n\t<g id=\"elements\">\n\t\t<path style=\"fill:rgb(0, 0, 0)\" d=\"M 0,0 l 3,0 0,3 -3,0 z M 3,0 l 3,0 0,3 -3,0 z M 6,0 l 3,0 0,3 -3,0 z M 9,0 l 3,0 0,3 -3,0 z M 12,0 l 3,0 0,3 -3,0 z M 15,0 l 3,0 0,3 -3,0 z M 18,0 l 3,0 0,3 -3,0 z M 27,0 l 3,0 0,3 -3,0 z M 30,0 l 3,0 0,3 -3,0 z M 36,0 l 3,0 0,3 -3,0 z M 42,0 l 3,0 0,3 -3,0 z M 45,0 l 3,0 0,3 -3,0 z M 48,0 l 3,0 0,3 -3,0 z M 51,0 l 3,0 0,3 -3,0 z M 54,0 l 3,0 0,3 -3,0 z M 57,0 l 3,0 0,3 -3,0 z M 60,0 l 3,0 0,3 -3,0 z M 0,3 l 3,0 0,3 -3,0 z M 18,3 l 3,0 0,3 -3,0 z M 24,3 l 3,0 0,3 -3,0 z M 27,3 l 3,0 0,3 -3,0 z M 30,3 l 3,0 0,3 -3,0 z M 36,3 l 3,0 0,3 -3,0 z M 42,3 l 3,0 0,3 -3,0 z M 60,3 l 3,0 0,3 -3,0 z M 0,6 l 3,0 0,3 -3,0 z M 6,6 l 3,0 0,3 -3,0 z M 9,6 l 3,0 0,3 -3,0 z M 12,6 l 3,0 0,3 -3,0 z M 18,6 l 3,0 0,3 -3,0 z M 27,6 l 3,0 0,3 -3,0 z M 36,6 l 3,0 0,3 -3,0 z M 42,6 l 3,0 0,3 -3,0 z M 48,6 l 3,0 0,3 -3,0 z M 51,6 l 3,0 0,3 -3,0 z M 54,6 l 3,0 0,3 -3,0 z M 60,6 l 3,0 0,3 -3,0 z M 0,9 l 3,0 0,3 -3,0 z M 6,9 l 3,0 0,3 -3,0 z M 9,9 l 3,0 0,3 -3,0 z M 12,9 l 3,0 0,3 -3,0 z M 18,9 l 3,0 0,3 -3,0 z M 24,9 l 3,0 0,3 -3,0 z M 27,9 l 3,0 0,3 -3,0 z M 33,9 l 3,0 0,3 -3,0 z M 36,9 l 3,0 0,3 -3,0 z M 42,9 l 3,0 0,3 -3,0 z M 48,9 l 3,0 0,3 -3,0 z M 51,9 l 3,0 0,3 -3,0 z M 54,9 l 3,0 0,3 -3,0 z M 60,9 l 3,0 0,3 -3,0 z M 0,12 l 3,0 0,3 -3,0 z M 6,12 l 3,0 0,3 -3,0 z M 9,12 l 3,0 0,3 -3,0 z M 12,12 l 3,0 0,3 -3,0 z M 18,12 l 3,0 0,3 -3,0 z M 30,12 l 3,0 0,3 -3,0 z M 33,12 l 3,0 0,3 -3,0 z M 42,12 l 3,0 0,3 -3,0 z M 48,12 l 3,0 0,3 -3,0 z M 51,12 l 3,0 0,3 -3,0 z M 54,12 l 3,0 0,3 -3,0 z M 60,12 l 3,0 0,3 -3,0 z M 0,15 l 3,0 0,3 -3,0 z M 18,15 l 3,0 0,3 -3,0 z M 24,15 l 3,0 0,3 -3,0 z M 27,15 l 3,0 0,3 -3,0 z M 30,15 l 3,0 0,3 -3,0 z M 33,15 l 3,0 0,3 -3,0 z M 36,15 l 3,0 0,3 -3,0 z M 42,15 l 3,0 0,3 -3,0 z M 60,15 l 3,0 0,3 -3,0 z M 0,18 l 3,0 0,3 -3,0 z M 3,18 l 3,0 0,3 -3,0 z M 6,18 l 3,0 0,3 -3,0 z M 9,18 l 3,0 0,3 -3,0 z M 12,18 l 3,0 0,3 -3,0 z M 15,18 l 3,0 0,3 -3,0 z M 18,18 l 3,0 0,3 -3,0 z M 24,18 l 3,0 0,3 -3,0 z M 30,18 l 3,0 0,3 -3,0 z M 36,18 l 3,0 0,3 -3,0 z M 42,18 l 3,0 0,3 -3,0 z M 45,18 l 3,0 0,3 -3,0 z M 48,18 l 3,0 0,3 -3,0 z M 51,18 l 3,0 0,3 -3,0 z M 54,18 l 3,0 0,3 -3,0 z M 57,18 l 3,0 0,3 -3,0 z M 60,18 l 3,0 0,3 -3,0 z M 30,21 l 3,0 0,3 -3,0 z M 36,21 l 3,0 0,3 -3,0 z M 0,24 l 3,0 0,3 -3,0 z M 3,24 l 3,0 0,3 -3,0 z M 6,24 l 3,0 0,3 -3,0 z M 9,24 l 3,0 0,3 -3,0 z M 12,24 l 3,0 0,3 -3,0 z M 18,24 l 3,0 0,3 -3,0 z M 21,24 l 3,0 0,3 -3,0 z M 24,24 l 3,0 0,3 -3,0 z M 27,24 l 3,0 0,3 -3,0 z M 39,24 l 3,0 0,3 -3,0 z M 45,24 l 3,0 0,3 -3,0 z M 51,24 l 3,0 0,3 -3,0 z M 57,24 l 3,0 0,3 -3,0 z M 6,27 l 3,0 0,3 -3,0 z M 9,27 l 3,0 0,3 -3,0 z M 12,27 l 3,0 0,3 -3,0 z M 15,27 l 3,0 0,3 -3,0 z M 24,27 l 3,0 0,3 -3,0 z M 27,27 l 3,0 0,3 -3,0 z M 30,27 l 3,0 0,3 -3,0 z M 33,27 l 3,0 0,3 -3,0 z M 42,27 l 3,0 0,3 -3,0 z M 45,27 l 3,0 0,3 -3,0 z M 48,27 l 3,0 0,3 -3,0 z M 54,27 l 3,0 0,3 -3,0 z M 57,27 l 3,0 0,3 -3,0 z M 60,27 l 3,0 0,3 -3,0 z M 0,30 l 3,0 0,3 -3,0 z M 3,30 l 3,0 0,3 -3,0 z M 6,30 l 3,0 0,3 -3,0 z M 9,30 l 3,0 0,3 -3,0 z M 12,30 l 3,0 0,3 -3,0 z M 18,30 l 3,0 0,3 -3,0 z M 24,30 l 3,0 0,3 -3,0 z M 30,30 l 3,0 0,3 -3,0 z M 33,30 l 3,0 0,3 -3,0 z M 39,30 l 3,0 0,3 -3,0 z M 45,30 l 3,0 0,3 -3,0 z M 51,30 l 3,0 0,3 -3,0 z M 54,30 l 3,0 0,3 -3,0 z M 0,33 l 3,0 0,3 -3,0 z M 6,33 l 3,0 0,3 -3,0 z M 9,33 l 3,0 0,3 -3,0 z M 15,33 l 3,0 0,3 -3,0 z M 24,33 l 3,0 0,3 -3,0 z M 36,33 l 3,0 0,3 -3,0 z M 48,33 l 3,0 0,3 -3,0 z M 54,33 l 3,0 0,3 -3,0 z M 57,33 l 3,0 0,3 -3,0 z M 60,33 l 3,0 0,3 -3,0 z M 3,36 l 3,0 0,3 -3,0 z M 6,36 l 3,0 0,3 -3,0 z M 15,36 l 3,0 0,3 -3,0 z M 18,36 l 3,0 0,3 -3,0 z M 21,36 l 3,0 0,3 -3,0 z M 24,36 l 3,0 0,3 -3,0 z M 30,36 l 3,0 0,3 -3,0 z M 33,36 l 3,0 0,3 -3,0 z M 42,36 l 3,0 0,3 -3,0 z M 45,36 l 3,0 0,3 -3,0 z M 60,36 l 3,0 0,3 -3,0 z M 24,39 l 3,0 0,3 -3,0 z M 33,39 l 3,0 0,3 -3,0 z M 48,39 l 3,0 0,3 -3,0 z M 54,39 l 3,0 0,3 -3,0 z M 60,39 l 3,0 0,3 -3,0 z M 0,42 l 3,0 0,3 -3,0 z M 3,42 l 3,0 0,3 -3,0 z M 6,42 l 3,0 0,3 -3,0 z M 9,42 l 3,0 0,3 -3,0 z M 12,42 l 3,0 0,3 -3,0 z M 15,42 l 3,0 0,3 -3,0 z M 18,42 l 3,0 0,3 -3,0 z M 24,42 l 3,0 0,3 -3,0 z M 27,42 l 3,0 0,3 -3,0 z M 36,42 l 3,0 0,3 -3,0 z M 45,42 l 3,0 0,3 -3,0 z M 54,42 l 3,0 0,3 -3,0 z M 0,45 l 3,0 0,3 -3,0 z M 18,45 l 3,0 0,3 -3,0 z M 30,45 l 3,0 0,3 -3,0 z M 33,45 l 3,0 0,3 -3,0 z M 36,45 l 3,0 0,3 -3,0 z M 39,45 l 3,0 0,3 -3,0 z M 45,45 l 3,0 0,3 -3,0 z M 48,45 l 3,0 0,3 -3,0 z M 54,45 l 3,0 0,3 -3,0 z M 0,48 l 3,0 0,3 -3,0 z M 6,48 l 3,0 0,3 -3,0 z M 9,48 l 3,0 0,3 -3,0 z M 12,48 l 3,0 0,3 -3,0 z M 18,48 l 3,0 0,3 -3,0 z M 24,48 l 3,0 0,3 -3,0 z M 27,48 l 3,0 0,3 -3,0 z M 33,48 l 3,0 0,3 -3,0 z M 60,48 l 3,0 0,3 -3,0 z M 0,51 l 3,0 0,3 -3,0 z M 6,51 l 3,0 0,3 -3,0 z M 9,51 l 3,0 0,3 -3,0 z M 12,51 l 3,0 0,3 -3,0 z M 18,51 l 3,0 0,3 -3,0 z M 24,51 l 3,0 0,3 -3,0 z M 27,51 l 3,0 0,3 -3,0 z M 33,51 l 3,0 0,3 -3,0 z M 36,51 l 3,0 0,3 -3,0 z M 39,51 l 3,0 0,3 -3,0 z M 42,51 l 3,0 0,3 -3,0 z M 48,51 l 3,0 0,3 -3,0 z M 0,54 l 3,0 0,3 -3,0 z M 6,54 l 3,0 0,3 -3,0 z M 9,54 l 3,0 0,3 -3,0 z M 12,54 l 3,0 0,3 -3,0 z M 18,54 l 3,0 0,3 -3,0 z M 24,54 l 3,0 0,3 -3,0 z M 30,54 l 3,0 0,3 -3,0 z M 36,54 l 3,0 0,3 -3,0 z M 42,54 l 3,0 0,3 -3,0 z M 45,54 l 3,0 0,3 -3,0 z M 54,54 l 3,0 0,3 -3,0 z M 0,57 l 3,0 0,3 -3,0 z M 18,57 l 3,0 0,3 -3,0 z M 24,57 l 3,0 0,3 -3,0 z M 27,57 l 3,0 0,3 -3,0 z M 30,57 l 3,0 0,3 -3,0 z M 33,57 l 3,0 0,3 -3,0 z M 36,57 l 3,0 0,3 -3,0 z M 39,57 l 3,0 0,3 -3,0 z M 45,57 l 3,0 0,3 -3,0 z M 54,57 l 3,0 0,3 -3,0 z M 0,60 l 3,0 0,3 -3,0 z M 3,60 l 3,0 0,3 -3,0 z M 6,60 l 3,0 0,3 -3,0 z M 9,60 l 3,0 0,3 -3,0 z M 12,60 l 3,0 0,3 -3,0 z M 15,60 l 3,0 0,3 -3,0 z M 18,60 l 3,0 0,3 -3,0 z M 24,60 l 3,0 0,3 -3,0 z M 27,60 l 3,0 0,3 -3,0 z M 39,60 l 3,0 0,3 -3,0 z M 45,60 l 3,0 0,3 -3,0 z M 48,60 l 3,0 0,3 -3,0 z M 51,60 l 3,0 0,3 -3,0 z M 57,60 l 3,0 0,3 -3,0 z \" \/>\n\t<\/g>\n<\/svg>\n<\/div><\/div><\/div>\t\t\t\t<\/div>\n\t\t\t\t<\/div>\n\t\t\t\t<\/div>\n\t\t<div class=\"elementor-element elementor-element-b434b14 e-con-full e-flex e-con e-child\" data-id=\"b434b14\" data-element_type=\"container\" data-settings=\"{&quot;jet_parallax_layout_list&quot;:[],&quot;_ha_eqh_enable&quot;:false}\">\n\t\t\t\t<div class=\"elementor-element elementor-element-5bb01fd elementor-icon-list--layout-traditional elementor-list-item-link-full_width elementor-widget elementor-widget-icon-list\" data-id=\"5bb01fd\" data-element_type=\"widget\" data-widget_type=\"icon-list.default\">\n\t\t\t\t<div class=\"elementor-widget-container\">\n\t\t\t\t\t\t\t<ul class=\"elementor-icon-list-items\">\n\t\t\t\t\t\t\t<li class=\"elementor-icon-list-item\">\n\t\t\t\t\t\t\t\t\t\t\t<a href=\"tel:+18635589575\">\n\n\t\t\t\t\t\t\t\t\t\t\t<span class=\"elementor-icon-list-text\">+1 (863) 558-9575<\/span>\n\t\t\t\t\t\t\t\t\t\t\t<\/a>\n\t\t\t\t\t\t\t\t\t<\/li>\n\t\t\t\t\t\t<\/ul>\n\t\t\t\t\t\t<\/div>\n\t\t\t\t<\/div>\n\t\t<div class=\"elementor-element elementor-element-402dc72 e-flex e-con-boxed e-con e-child\" data-id=\"402dc72\" data-element_type=\"container\" data-settings=\"{&quot;jet_parallax_layout_list&quot;:[],&quot;_ha_eqh_enable&quot;:false}\">\n\t\t\t\t\t<div class=\"e-con-inner\">\n\t\t\t\t<div class=\"elementor-element elementor-element-5b17ae8 elementor-widget elementor-widget-image\" data-id=\"5b17ae8\" data-element_type=\"widget\" data-widget_type=\"image.default\">\n\t\t\t\t<div class=\"elementor-widget-container\">\n\t\t\t\t\t\t\t\t\t\t\t\t\t\t\t\t<a href=\"tel:+1%20(863)%20558-9575\">\n\t\t\t\t\t\t\t<img decoding=\"async\" width=\"24\" height=\"24\" src=\"https:\/\/fosten.us\/wp-content\/uploads\/2024\/02\/en-us.png\" class=\"attachment-large size-large wp-image-2023\" alt=\"\" \/>\t\t\t\t\t\t\t\t<\/a>\n\t\t\t\t\t\t\t\t\t\t\t\t\t\t\t<\/div>\n\t\t\t\t<\/div>\n\t\t\t\t<div class=\"elementor-element elementor-element-7ac2b67 elementor-widget elementor-widget-heading\" data-id=\"7ac2b67\" data-element_type=\"widget\" data-widget_type=\"heading.default\">\n\t\t\t\t<div class=\"elementor-widget-container\">\n\t\t\t\t\t<p class=\"elementor-heading-title elementor-size-default\"><a href=\"tel:+1%20(863)%20558-9575\">Ligue para n\u00f3s (EUA)<\/a><\/p>\t\t\t\t<\/div>\n\t\t\t\t<\/div>\n\t\t\t\t\t<\/div>\n\t\t\t\t<\/div>\n\t\t\t\t<div class=\"elementor-element elementor-element-aa8a2f4 elementor-widget elementor-widget-heading\" data-id=\"aa8a2f4\" data-element_type=\"widget\" data-widget_type=\"heading.default\">\n\t\t\t\t<div class=\"elementor-widget-container\">\n\t\t\t\t\t<p class=\"elementor-heading-title elementor-size-default\">806 Verona Sttreet, Suite 1<br>Kissimmee, FL 34741\n<\/p>\t\t\t\t<\/div>\n\t\t\t\t<\/div>\n\t\t\t\t<\/div>\n\t\t\t\t<\/div>\n\t\t<div class=\"elementor-element elementor-element-0c98a9c e-con-full e-flex e-con e-child\" data-id=\"0c98a9c\" data-element_type=\"container\" data-settings=\"{&quot;jet_parallax_layout_list&quot;:[],&quot;_ha_eqh_enable&quot;:false}\">\n\t\t<div class=\"elementor-element elementor-element-ba8efa0 e-con-full e-flex e-con e-child\" data-id=\"ba8efa0\" data-element_type=\"container\" data-settings=\"{&quot;jet_parallax_layout_list&quot;:[],&quot;_ha_eqh_enable&quot;:false}\">\n\t\t\t\t<div class=\"elementor-element elementor-element-f3fe628 elementor-view-default elementor-widget elementor-widget-icon\" data-id=\"f3fe628\" data-element_type=\"widget\" data-widget_type=\"icon.default\">\n\t\t\t\t<div class=\"elementor-widget-container\">\n\t\t\t\t\t\t\t<div class=\"elementor-icon-wrapper\">\n\t\t\t<a class=\"elementor-icon\" href=\"tel:+5516991394010\">\n\t\t\t<i aria-hidden=\"true\" class=\"hm hm-support-call\"><\/i>\t\t\t<\/a>\n\t\t<\/div>\n\t\t\t\t\t\t<\/div>\n\t\t\t\t<\/div>\n\t\t\t\t<\/div>\n\t\t<div class=\"elementor-element elementor-element-4cfd8a0 e-con-full e-flex e-con e-child\" data-id=\"4cfd8a0\" data-element_type=\"container\" data-settings=\"{&quot;jet_parallax_layout_list&quot;:[],&quot;_ha_eqh_enable&quot;:false}\">\n\t\t\t\t<div class=\"elementor-element elementor-element-e4965eb elementor-icon-list--layout-traditional elementor-list-item-link-full_width elementor-widget elementor-widget-icon-list\" data-id=\"e4965eb\" data-element_type=\"widget\" data-widget_type=\"icon-list.default\">\n\t\t\t\t<div class=\"elementor-widget-container\">\n\t\t\t\t\t\t\t<ul class=\"elementor-icon-list-items\">\n\t\t\t\t\t\t\t<li class=\"elementor-icon-list-item\">\n\t\t\t\t\t\t\t\t\t\t\t<a href=\"tel:+5516991882573\">\n\n\t\t\t\t\t\t\t\t\t\t\t<span class=\"elementor-icon-list-text\"><small>+55 (16)<\/small> <b>9 9188-2573<\/b><\/span>\n\t\t\t\t\t\t\t\t\t\t\t<\/a>\n\t\t\t\t\t\t\t\t\t<\/li>\n\t\t\t\t\t\t<\/ul>\n\t\t\t\t\t\t<\/div>\n\t\t\t\t<\/div>\n\t\t<div class=\"elementor-element elementor-element-dc88bc4 e-flex e-con-boxed e-con e-child\" data-id=\"dc88bc4\" data-element_type=\"container\" data-settings=\"{&quot;jet_parallax_layout_list&quot;:[],&quot;_ha_eqh_enable&quot;:false}\">\n\t\t\t\t\t<div class=\"e-con-inner\">\n\t\t\t\t<div class=\"elementor-element elementor-element-0bddbe7 elementor-widget elementor-widget-image\" data-id=\"0bddbe7\" data-element_type=\"widget\" data-widget_type=\"image.default\">\n\t\t\t\t<div class=\"elementor-widget-container\">\n\t\t\t\t\t\t\t\t\t\t\t\t\t\t\t\t<a href=\"tel:+5516991394010\">\n\t\t\t\t\t\t\t<img decoding=\"async\" width=\"24\" height=\"24\" src=\"https:\/\/fosten.us\/wp-content\/uploads\/2024\/02\/pt-br.png\" class=\"attachment-large size-large wp-image-2024\" alt=\"\" \/>\t\t\t\t\t\t\t\t<\/a>\n\t\t\t\t\t\t\t\t\t\t\t\t\t\t\t<\/div>\n\t\t\t\t<\/div>\n\t\t\t\t<div class=\"elementor-element elementor-element-d513b8f elementor-widget elementor-widget-heading\" data-id=\"d513b8f\" data-element_type=\"widget\" data-widget_type=\"heading.default\">\n\t\t\t\t<div class=\"elementor-widget-container\">\n\t\t\t\t\t<p class=\"elementor-heading-title elementor-size-default\">Call us BRAZIL<\/p>\t\t\t\t<\/div>\n\t\t\t\t<\/div>\n\t\t\t\t\t<\/div>\n\t\t\t\t<\/div>\n\t\t\t\t<div class=\"elementor-element elementor-element-88b3b32 elementor-widget elementor-widget-heading\" data-id=\"88b3b32\" data-element_type=\"widget\" data-widget_type=\"heading.default\">\n\t\t\t\t<div class=\"elementor-widget-container\">\n\t\t\t\t\t<p class=\"elementor-heading-title elementor-size-default\">Sert\u00e3ozinho - S\u00e3o Paulo - Brazil<\/p>\t\t\t\t<\/div>\n\t\t\t\t<\/div>\n\t\t\t\t<\/div>\n\t\t\t\t<\/div>\n\t\t<div class=\"elementor-element elementor-element-c9d8001 e-con-full e-flex e-con e-child\" data-id=\"c9d8001\" data-element_type=\"container\" data-settings=\"{&quot;jet_parallax_layout_list&quot;:[],&quot;_ha_eqh_enable&quot;:false}\">\n\t\t<div class=\"elementor-element elementor-element-99d3369 e-con-full elementor-hidden-mobile e-flex e-con e-child\" data-id=\"99d3369\" data-element_type=\"container\" data-settings=\"{&quot;jet_parallax_layout_list&quot;:[],&quot;_ha_eqh_enable&quot;:false}\">\n\t\t\t\t<div class=\"elementor-element elementor-element-259cf96 elementor-widget-laptop__width-initial elementor-widget elementor-widget-text-editor\" data-id=\"259cf96\" data-element_type=\"widget\" data-widget_type=\"text-editor.default\">\n\t\t\t\t<div class=\"elementor-widget-container\">\n\t\t\t\t\t\t\t\t\t<p>Ao escanear o QRCode ou clicar nos links, voc\u00ea ser\u00e1 convidado a ligar para o canal de atendimento selecionado.<br \/>Dependendo do seu plano e operadora, podem ser aplicadas taxas.<\/p>\t\t\t\t\t\t\t\t<\/div>\n\t\t\t\t<\/div>\n\t\t\t\t<\/div>\n\t\t\t\t<\/div>\n\t\t\t\t<\/div>\n\t\t<div class=\"elementor-element elementor-element-d868c35 e-con-full e-flex e-con e-child\" data-id=\"d868c35\" data-element_type=\"container\" data-settings=\"{&quot;jet_parallax_layout_list&quot;:[],&quot;_ha_eqh_enable&quot;:false}\">\n\t\t\t\t<div class=\"elementor-element elementor-element-a563cc5 elementor-button-align-stretch elementor-widget elementor-widget-form\" data-id=\"a563cc5\" data-element_type=\"widget\" data-settings=\"{&quot;button_width&quot;:&quot;50&quot;,&quot;step_next_label&quot;:&quot;Next&quot;,&quot;step_previous_label&quot;:&quot;Previous&quot;,&quot;step_type&quot;:&quot;number_text&quot;,&quot;step_icon_shape&quot;:&quot;circle&quot;}\" data-widget_type=\"form.default\">\n\t\t\t\t<div class=\"elementor-widget-container\">\n\t\t\t\t\t\t\t<form class=\"elementor-form\" method=\"post\" name=\"Contact\" action=\"\">\n\t\t\t<input type=\"hidden\" name=\"post_id\" value=\"1557\"\/>\n\t\t\t<input type=\"hidden\" name=\"form_id\" value=\"a563cc5\"\/>\n\t\t\t<input type=\"hidden\" name=\"referer_title\" value=\"\" \/>\n\n\t\t\t\n\t\t\t<div class=\"elementor-form-fields-wrapper elementor-labels-above\">\n\t\t\t\t\t\t\t\t<div class=\"elementor-field-type-text elementor-field-group elementor-column elementor-field-group-name elementor-col-100\">\n\t\t\t\t\t\t\t\t\t\t\t\t<label for=\"form-field-name\" class=\"elementor-field-label\">\n\t\t\t\t\t\t\t\tNome\t\t\t\t\t\t\t<\/label>\n\t\t\t\t\t\t\t\t\t\t\t\t\t\t<input size=\"1\" type=\"text\" name=\"form_fields[name]\" id=\"form-field-name\" class=\"elementor-field elementor-size-md  elementor-field-textual\">\n\t\t\t\t\t\t\t\t\t\t\t<\/div>\n\t\t\t\t\t\t\t\t<div class=\"elementor-field-type-text elementor-field-group elementor-column elementor-field-group-email elementor-col-100\">\n\t\t\t\t\t\t\t\t\t\t\t\t<label for=\"form-field-email\" class=\"elementor-field-label\">\n\t\t\t\t\t\t\t\tEmail\t\t\t\t\t\t\t<\/label>\n\t\t\t\t\t\t\t\t\t\t\t\t\t\t<input size=\"1\" type=\"text\" name=\"form_fields[email]\" id=\"form-field-email\" class=\"elementor-field elementor-size-md  elementor-field-textual\">\n\t\t\t\t\t\t\t\t\t\t\t<\/div>\n\t\t\t\t\t\t\t\t<div class=\"elementor-field-type-tel elementor-field-group elementor-column elementor-field-group-phone elementor-col-50 elementor-field-required\">\n\t\t\t\t\t\t\t\t\t\t\t\t<label for=\"form-field-phone\" class=\"elementor-field-label\">\n\t\t\t\t\t\t\t\tTelefone\t\t\t\t\t\t\t<\/label>\n\t\t\t\t\t\t\t\t<input size=\"1\" type=\"tel\" name=\"form_fields[phone]\" id=\"form-field-phone\" class=\"elementor-field elementor-size-md  elementor-field-textual\" required=\"required\" aria-required=\"true\" pattern=\"[0-9()#&amp;+*-=.]+\" title=\"Only numbers and phone characters (#, -, *, etc) are accepted.\">\n\n\t\t\t\t\t\t<\/div>\n\t\t\t\t\t\t\t\t<div class=\"elementor-field-type-tel elementor-field-group elementor-column elementor-field-group-field_c18d5c8 elementor-col-50\">\n\t\t\t\t\t\t\t\t\t\t\t\t<label for=\"form-field-field_c18d5c8\" class=\"elementor-field-label\">\n\t\t\t\t\t\t\t\tCelular\t\t\t\t\t\t\t<\/label>\n\t\t\t\t\t\t\t\t<input size=\"1\" type=\"tel\" name=\"form_fields[field_c18d5c8]\" id=\"form-field-field_c18d5c8\" class=\"elementor-field elementor-size-md  elementor-field-textual\" pattern=\"[0-9()#&amp;+*-=.]+\" title=\"Only numbers and phone characters (#, -, *, etc) are accepted.\">\n\n\t\t\t\t\t\t<\/div>\n\t\t\t\t\t\t\t\t<div class=\"elementor-field-type-html elementor-field-group elementor-column elementor-field-group-field_37f8c0d elementor-col-100\">\n\t\t\t\t\tSelecione o Departamento\t\t\t\t<\/div>\n\t\t\t\t\t\t\t\t<div class=\"elementor-field-type-select elementor-field-group elementor-column elementor-field-group-department elementor-col-100\">\n\t\t\t\t\t\t\t<div class=\"elementor-field elementor-select-wrapper remove-before\">\n\t\t\t<div class=\"select-caret-down-wrapper\">\n\t\t\t\t<i aria-hidden=\"true\" class=\"eicon-caret-down\"><\/i>\t\t\t<\/div>\n\t\t\t<select name=\"form_fields[department]\" id=\"form-field-department\" class=\"elementor-field-textual elementor-size-md\">\n\t\t\t\t\t\t\t\t\t<option value=\"Sales\">Vendas<\/option>\n\t\t\t\t\t\t\t\t\t<option value=\"Support\">Suporte<\/option>\n\t\t\t\t\t\t\t\t\t<option value=\"Guarantee\">Garantia<\/option>\n\t\t\t\t\t\t\t\t\t<option value=\"Financial\">Financeiro<\/option>\n\t\t\t\t\t\t\t\t\t<option value=\"Human Resources\">Recursos Humanos<\/option>\n\t\t\t\t\t\t\t<\/select>\n\t\t<\/div>\n\t\t\t\t\t\t<\/div>\n\t\t\t\t\t\t\t\t<div class=\"elementor-field-type-textarea elementor-field-group elementor-column elementor-field-group-message elementor-col-100\">\n\t\t\t\t\t\t\t\t\t\t\t\t<label for=\"form-field-message\" class=\"elementor-field-label\">\n\t\t\t\t\t\t\t\tEscreva sua mensagem...\t\t\t\t\t\t\t<\/label>\n\t\t\t\t\t\t<textarea class=\"elementor-field-textual elementor-field  elementor-size-md\" name=\"form_fields[message]\" id=\"form-field-message\" rows=\"4\"><\/textarea>\t\t\t\t<\/div>\n\t\t\t\t\t\t\t\t<div class=\"elementor-field-type-recaptcha elementor-field-group elementor-column elementor-field-group-field_286c5bb elementor-col-100\">\n\t\t\t\t\t<div class=\"elementor-field\" id=\"form-field-field_286c5bb\"><div class=\"elementor-g-recaptcha\" data-sitekey=\"6LcgFNgZAAAAAKHabqh2sOxDTm8K4dHCJqoyXdol\" data-type=\"v2_checkbox\" data-theme=\"light\" data-size=\"normal\"><\/div><\/div>\t\t\t\t<\/div>\n\t\t\t\t\t\t\t\t<div class=\"elementor-field-group elementor-column elementor-field-type-submit elementor-col-50 e-form__buttons\">\n\t\t\t\t\t<button type=\"submit\" class=\"elementor-button elementor-size-md\" id=\"call\">\n\t\t\t\t\t\t<span >\n\t\t\t\t\t\t\t\t\t\t\t\t\t\t\t<span class=\"elementor-align-icon-right elementor-button-icon\">\n\t\t\t\t\t\t\t\t\t<i aria-hidden=\"true\" class=\"hm hm-arrow-right1\"><\/i>\t\t\t\t\t\t\t\t\t\t\t\t\t\t\t\t\t<\/span>\n\t\t\t\t\t\t\t\t\t\t\t\t\t\t\t\t\t\t\t\t\t\t<span class=\"elementor-button-text\">Enviar Mensagem<\/span>\n\t\t\t\t\t\t\t\t\t\t\t\t\t<\/span>\n\t\t\t\t\t<\/button>\n\t\t\t\t<\/div>\n\t\t\t<\/div>\n\t\t<input type=\"hidden\" name=\"trp-form-language\" value=\"pt\"\/><\/form>\n\t\t\t\t\t\t<\/div>\n\t\t\t\t<\/div>\n\t\t\t\t<div class=\"elementor-element elementor-element-13aaec0 elementor-widget elementor-widget-text-editor\" data-id=\"13aaec0\" data-element_type=\"widget\" data-widget_type=\"text-editor.default\">\n\t\t\t\t<div class=\"elementor-widget-container\">\n\t\t\t\t\t\t\t\t\t<div class=\"elementor-element elementor-element-f8d9ff9 elementor-widget elementor-widget-text-editor\" data-id=\"f8d9ff9\" data-element_type=\"widget\" data-widget_type=\"text-editor.default\"><div class=\"elementor-widget-container\"><p>Preencha o formul\u00e1rio dispon\u00edvel e fale diretamente com os especialistas da Fosten Automation. Ser\u00e1 um prazer atend\u00ea-lo!<\/p><\/div><\/div>\t\t\t\t\t\t\t\t<\/div>\n\t\t\t\t<\/div>\n\t\t\t\t<\/div>\n\t\t\t\t<\/div>\n\t\t\t\t<\/div>","protected":false},"excerpt":{"rendered":"<p>CONTACT Service Channels QR Code +1 (863) 558-9575 Call us USA 806 Verona Sttreet, Suite 1Kissimmee, FL 34741 +55 (16) 9 9188-2573 Call us BRAZIL Sert\u00e3ozinho &#8211; S\u00e3o Paulo &#8211; Brazil When scanning the QRCode or clicking on the links, you will be invited to call the selected service channel.Depending on your plan and operator, [&hellip;]<\/p>","protected":false},"author":4,"featured_media":0,"parent":0,"menu_order":0,"comment_status":"closed","ping_status":"closed","template":"","meta":{"footnotes":""},"class_list":["post-1557","page","type-page","status-publish","hentry"],"_links":{"self":[{"href":"https:\/\/fosten.us\/pt\/wp-json\/wp\/v2\/pages\/1557","targetHints":{"allow":["GET"]}}],"collection":[{"href":"https:\/\/fosten.us\/pt\/wp-json\/wp\/v2\/pages"}],"about":[{"href":"https:\/\/fosten.us\/pt\/wp-json\/wp\/v2\/types\/page"}],"author":[{"embeddable":true,"href":"https:\/\/fosten.us\/pt\/wp-json\/wp\/v2\/users\/4"}],"replies":[{"embeddable":true,"href":"https:\/\/fosten.us\/pt\/wp-json\/wp\/v2\/comments?post=1557"}],"version-history":[{"count":163,"href":"https:\/\/fosten.us\/pt\/wp-json\/wp\/v2\/pages\/1557\/revisions"}],"predecessor-version":[{"id":4136,"href":"https:\/\/fosten.us\/pt\/wp-json\/wp\/v2\/pages\/1557\/revisions\/4136"}],"wp:attachment":[{"href":"https:\/\/fosten.us\/pt\/wp-json\/wp\/v2\/media?parent=1557"}],"curies":[{"name":"wp","href":"https:\/\/api.w.org\/{rel}","templated":true}]}}